{"id":2,"date":"2021-01-29T18:56:25","date_gmt":"2021-01-29T18:56:25","guid":{"rendered":"http:\/\/cildir-kaplica-kavilca.com\/?page_id=2"},"modified":"2026-02-21T17:59:18","modified_gmt":"2026-02-21T17:59:18","slug":"belgeler_kaplica_bugdayi","status":"publish","type":"page","link":"https:\/\/cildirovaun.com\/index.php\/belgeler_kaplica_bugdayi\/","title":{"rendered":"Ardahan-\u00c7\u0131ld\u0131r Kapl\u0131ca Bu\u011fday\u0131\u2019n\u0131n Element Miktarlar\u0131"},"content":{"rendered":"\n<p><\/p>\n\n\n\n<figure class=\"wp-block-table\"><table><tbody><tr><td><strong>\u00c7inko<\/strong><\/td><td>39.99-31.81 mg\/kg<\/td><\/tr><tr><td><strong>Demir<\/strong><\/td><td>27.45-30.905 mg\/kg<\/td><\/tr><tr><td><strong>Kalsiyum<\/strong><\/td><td>309-341 mg\/kg<\/td><\/tr><tr><td><strong>Magnezyum<\/strong><\/td><td>1147-1053 mg\/kg<\/td><\/tr><tr><td><strong>Potasyum<\/strong><\/td><td>4318-3920 mg\/kg<\/td><\/tr><tr><td><strong>Selenyum<\/strong><\/td><td>0.077- 0.021 mg\/kg<\/td><\/tr><\/tbody><\/table><\/figure>\n\n\n\n<div class=\"wp-block-file\"><object class=\"wp-block-file__embed\" data=\"https:\/\/cildirovaun.com\/wp-content\/uploads\/2026\/02\/TR-OT-42-MSI-3036-2025-001.pdf\" type=\"application\/pdf\" style=\"width:100%;height:600px\" aria-label=\"Embed of TR-OT-42-MSI-3036-2025-001.\"><\/object><a id=\"wp-block-file--media-82f28e85-8ee6-40db-9db0-a6e554ed6f8c\" href=\"https:\/\/cildirovaun.com\/wp-content\/uploads\/2026\/02\/TR-OT-42-MSI-3036-2025-001.pdf\">TR-OT-42-MSI-3036-2025-001<\/a><\/div>\n\n\n\n<div class=\"wp-block-file\"><object class=\"wp-block-file__embed\" data=\"https:\/\/cildirovaun.com\/wp-content\/uploads\/2026\/02\/cografi-isaret-belgesi.pdf\" type=\"application\/pdf\" style=\"width:100%;height:600px\" aria-label=\"Embed of cografi-isaret-belgesi.\"><\/object><a id=\"wp-block-file--media-2f86f1e7-8ee6-4245-a4a3-384beae78a76\" href=\"https:\/\/cildirovaun.com\/wp-content\/uploads\/2026\/02\/cografi-isaret-belgesi.pdf\">cografi-isaret-belgesi<\/a><\/div>\n\n\n\n<div class=\"wp-block-file\"><object class=\"wp-block-file__embed\" data=\"https:\/\/cildirovaun.com\/wp-content\/uploads\/2026\/02\/isletme_kayit_belgesi-cildirovaun-.pdf\" type=\"application\/pdf\" style=\"width:100%;height:600px\" aria-label=\"Embed of isletme_kayit_belgesi-cildirovaun-.\"><\/object><a id=\"wp-block-file--media-ee1f2c41-e987-4331-86f8-7ab39b8418fa\" href=\"https:\/\/cildirovaun.com\/wp-content\/uploads\/2026\/02\/isletme_kayit_belgesi-cildirovaun-.pdf\">isletme_kayit_belgesi-cildirovaun-<\/a><\/div>\n\n\n\n<p><\/p>\n","protected":false},"excerpt":{"rendered":"<p>\u00c7inko 39.99-31.81 mg\/kg Demir 27.45-30.905 mg\/kg Kalsiyum 309-341 mg\/kg Magnezyum 1147-1053 mg\/kg Potasyum 4318-3920 mg\/kg Selenyum 0.077- 0.021 mg\/kg<\/p>\n","protected":false},"author":1,"featured_media":0,"parent":0,"menu_order":0,"comment_status":"closed","ping_status":"closed","template":"","meta":[],"_links":{"self":[{"href":"https:\/\/cildirovaun.com\/index.php\/wp-json\/wp\/v2\/pages\/2"}],"collection":[{"href":"https:\/\/cildirovaun.com\/index.php\/wp-json\/wp\/v2\/pages"}],"about":[{"href":"https:\/\/cildirovaun.com\/index.php\/wp-json\/wp\/v2\/types\/page"}],"author":[{"embeddable":true,"href":"https:\/\/cildirovaun.com\/index.php\/wp-json\/wp\/v2\/users\/1"}],"replies":[{"embeddable":true,"href":"https:\/\/cildirovaun.com\/index.php\/wp-json\/wp\/v2\/comments?post=2"}],"version-history":[{"count":16,"href":"https:\/\/cildirovaun.com\/index.php\/wp-json\/wp\/v2\/pages\/2\/revisions"}],"predecessor-version":[{"id":407,"href":"https:\/\/cildirovaun.com\/index.php\/wp-json\/wp\/v2\/pages\/2\/revisions\/407"}],"wp:attachment":[{"href":"https:\/\/cildirovaun.com\/index.php\/wp-json\/wp\/v2\/media?parent=2"}],"curies":[{"name":"wp","href":"https:\/\/api.w.org\/{rel}","templated":true}]}}